{"id":796,"date":"2022-12-31T17:46:36","date_gmt":"2022-12-31T16:46:36","guid":{"rendered":"http:\/\/regisguillot.com\/blog\/?page_id=796"},"modified":"2024-08-11T12:15:29","modified_gmt":"2024-08-11T10:15:29","slug":"le-livre-trompe-loeil-architecturaux-et-naturalistes-du-puy-de-dome","status":"publish","type":"page","link":"http:\/\/regisguillot.com\/blog\/le-livre-trompe-loeil-architecturaux-et-naturalistes-du-puy-de-dome\/","title":{"rendered":"Le Livre"},"content":{"rendered":"<p>Trompe l&rsquo;oeil architecturaux et naturalistes du Puy de D\u00f4me ( \u00e9ditions La Flandonni\u00e8re) <\/p><div class=\"wp-block-media-text alignwide is-stacked-on-mobile\"><figure class=\"wp-block-media-text__media\"><img loading=\"lazy\" decoding=\"async\" width=\"548\" height=\"414\" src=\"http:\/\/regisguillot.com\/blog\/wp-content\/uploads\/2021\/04\/1ercouv.jpg\" alt=\"\" class=\"wp-image-257 size-full\" srcset=\"http:\/\/regisguillot.com\/blog\/wp-content\/uploads\/2021\/04\/1ercouv.jpg 548w, http:\/\/regisguillot.com\/blog\/wp-content\/uploads\/2021\/04\/1ercouv-300x227.jpg 300w\" sizes=\"auto, (max-width: 548px) 100vw, 548px\" \/><\/figure><div class=\"wp-block-media-text__content\"><p class=\"has-large-font-size\">\u00a0\u00bb Superbe livre \u00e9crit et dessin\u00e9 par <a href=\"https:\/\/www.facebook.com\/animonuments\">R\u00e9gis Guillot <\/a>, reliure de qualit\u00e9, qualit\u00e9 d&rsquo;\u00e9criture, des dessins magnifiques, originales ,une belle id\u00e9e cadeau ! ou se faire plaisir pour appr\u00e9cier encore plus l&rsquo;Auvergne le Puy de D\u00f4me.<\/p><\/div><\/div><div class=\"wp-block-media-text alignwide has-media-on-the-right is-stacked-on-mobile\"><figure class=\"wp-block-media-text__media\"><img loading=\"lazy\" decoding=\"async\" width=\"1024\" height=\"774\" src=\"http:\/\/regisguillot.com\/blog\/wp-content\/uploads\/2023\/01\/4emecouv-1024x774.jpg\" alt=\"\" class=\"wp-image-857 size-full\" srcset=\"http:\/\/regisguillot.com\/blog\/wp-content\/uploads\/2023\/01\/4emecouv-1024x774.jpg 1024w, http:\/\/regisguillot.com\/blog\/wp-content\/uploads\/2023\/01\/4emecouv-300x227.jpg 300w, http:\/\/regisguillot.com\/blog\/wp-content\/uploads\/2023\/01\/4emecouv-768x580.jpg 768w, http:\/\/regisguillot.com\/blog\/wp-content\/uploads\/2023\/01\/4emecouv.jpg 1280w\" sizes=\"auto, (max-width: 1024px) 100vw, 1024px\" \/><\/figure><div class=\"wp-block-media-text__content\"><p class=\"has-large-font-size\"><\/p><\/div><\/div><figure class=\"wp-block-gallery columns-3 is-cropped wp-block-gallery-1 is-layout-flex wp-block-gallery-is-layout-flex\"><ul class=\"blocks-gallery-grid\"><li class=\"blocks-gallery-item\"><figure><a href=\"http:\/\/regisguillot.com\/blog\/wp-content\/uploads\/2023\/01\/1.jpg\"><img loading=\"lazy\" decoding=\"async\" width=\"1024\" height=\"754\" src=\"http:\/\/regisguillot.com\/blog\/wp-content\/uploads\/2023\/01\/1-1024x754.jpg\" alt=\"\" data-id=\"859\" data-full-url=\"http:\/\/regisguillot.com\/blog\/wp-content\/uploads\/2023\/01\/1.jpg\" data-link=\"http:\/\/regisguillot.com\/blog\/le-livre-trompe-loeil-architecturaux-et-naturalistes-du-puy-de-dome\/1-2\/\" class=\"wp-image-859\" srcset=\"http:\/\/regisguillot.com\/blog\/wp-content\/uploads\/2023\/01\/1-1024x754.jpg 1024w, http:\/\/regisguillot.com\/blog\/wp-content\/uploads\/2023\/01\/1-300x221.jpg 300w, http:\/\/regisguillot.com\/blog\/wp-content\/uploads\/2023\/01\/1-768x565.jpg 768w, http:\/\/regisguillot.com\/blog\/wp-content\/uploads\/2023\/01\/1.jpg 1077w\" sizes=\"auto, (max-width: 1024px) 100vw, 1024px\" \/><\/a><\/figure><\/li><li class=\"blocks-gallery-item\"><figure><a href=\"http:\/\/regisguillot.com\/blog\/wp-content\/uploads\/2023\/01\/2.jpg\"><img loading=\"lazy\" decoding=\"async\" width=\"1024\" height=\"751\" src=\"http:\/\/regisguillot.com\/blog\/wp-content\/uploads\/2023\/01\/2-1024x751.jpg\" alt=\"\" data-id=\"860\" data-full-url=\"http:\/\/regisguillot.com\/blog\/wp-content\/uploads\/2023\/01\/2.jpg\" data-link=\"http:\/\/regisguillot.com\/blog\/le-livre-trompe-loeil-architecturaux-et-naturalistes-du-puy-de-dome\/2-2\/\" class=\"wp-image-860\" srcset=\"http:\/\/regisguillot.com\/blog\/wp-content\/uploads\/2023\/01\/2-1024x751.jpg 1024w, http:\/\/regisguillot.com\/blog\/wp-content\/uploads\/2023\/01\/2-300x220.jpg 300w, http:\/\/regisguillot.com\/blog\/wp-content\/uploads\/2023\/01\/2-768x564.jpg 768w, http:\/\/regisguillot.com\/blog\/wp-content\/uploads\/2023\/01\/2.jpg 1086w\" sizes=\"auto, (max-width: 1024px) 100vw, 1024px\" \/><\/a><\/figure><\/li><li class=\"blocks-gallery-item\"><figure><a href=\"http:\/\/regisguillot.com\/blog\/wp-content\/uploads\/2023\/01\/3.jpg\"><img loading=\"lazy\" decoding=\"async\" width=\"1024\" height=\"749\" src=\"http:\/\/regisguillot.com\/blog\/wp-content\/uploads\/2023\/01\/3-1024x749.jpg\" alt=\"\" data-id=\"861\" data-full-url=\"http:\/\/regisguillot.com\/blog\/wp-content\/uploads\/2023\/01\/3.jpg\" data-link=\"http:\/\/regisguillot.com\/blog\/le-livre-trompe-loeil-architecturaux-et-naturalistes-du-puy-de-dome\/attachment\/3\/\" class=\"wp-image-861\" srcset=\"http:\/\/regisguillot.com\/blog\/wp-content\/uploads\/2023\/01\/3-1024x749.jpg 1024w, http:\/\/regisguillot.com\/blog\/wp-content\/uploads\/2023\/01\/3-300x220.jpg 300w, http:\/\/regisguillot.com\/blog\/wp-content\/uploads\/2023\/01\/3-768x562.jpg 768w, http:\/\/regisguillot.com\/blog\/wp-content\/uploads\/2023\/01\/3.jpg 1100w\" sizes=\"auto, (max-width: 1024px) 100vw, 1024px\" \/><\/a><\/figure><\/li><li class=\"blocks-gallery-item\"><figure><a href=\"http:\/\/regisguillot.com\/blog\/wp-content\/uploads\/2023\/01\/4.jpg\"><img loading=\"lazy\" decoding=\"async\" width=\"1024\" height=\"776\" src=\"http:\/\/regisguillot.com\/blog\/wp-content\/uploads\/2023\/01\/4-1024x776.jpg\" alt=\"\" data-id=\"862\" data-full-url=\"http:\/\/regisguillot.com\/blog\/wp-content\/uploads\/2023\/01\/4.jpg\" data-link=\"http:\/\/regisguillot.com\/blog\/le-livre-trompe-loeil-architecturaux-et-naturalistes-du-puy-de-dome\/attachment\/4\/\" class=\"wp-image-862\" srcset=\"http:\/\/regisguillot.com\/blog\/wp-content\/uploads\/2023\/01\/4-1024x776.jpg 1024w, http:\/\/regisguillot.com\/blog\/wp-content\/uploads\/2023\/01\/4-300x227.jpg 300w, http:\/\/regisguillot.com\/blog\/wp-content\/uploads\/2023\/01\/4-768x582.jpg 768w, http:\/\/regisguillot.com\/blog\/wp-content\/uploads\/2023\/01\/4.jpg 1099w\" sizes=\"auto, (max-width: 1024px) 100vw, 1024px\" \/><\/a><\/figure><\/li><li class=\"blocks-gallery-item\"><figure><a href=\"http:\/\/regisguillot.com\/blog\/wp-content\/uploads\/2023\/01\/CHEVRES-1.jpg\"><img loading=\"lazy\" decoding=\"async\" width=\"648\" height=\"763\" src=\"http:\/\/regisguillot.com\/blog\/wp-content\/uploads\/2023\/01\/CHEVRES-1.jpg\" alt=\"\" data-id=\"872\" data-full-url=\"http:\/\/regisguillot.com\/blog\/wp-content\/uploads\/2023\/01\/CHEVRES-1.jpg\" data-link=\"http:\/\/regisguillot.com\/blog\/le-livre-trompe-loeil-architecturaux-et-naturalistes-du-puy-de-dome\/chevres-2\/\" class=\"wp-image-872\" srcset=\"http:\/\/regisguillot.com\/blog\/wp-content\/uploads\/2023\/01\/CHEVRES-1.jpg 648w, http:\/\/regisguillot.com\/blog\/wp-content\/uploads\/2023\/01\/CHEVRES-1-255x300.jpg 255w\" sizes=\"auto, (max-width: 648px) 100vw, 648px\" \/><\/a><\/figure><\/li><li class=\"blocks-gallery-item\"><figure><a href=\"http:\/\/regisguillot.com\/blog\/wp-content\/uploads\/2023\/01\/muletiers-1.jpg\"><img loading=\"lazy\" decoding=\"async\" width=\"804\" height=\"754\" src=\"http:\/\/regisguillot.com\/blog\/wp-content\/uploads\/2023\/01\/muletiers-1.jpg\" alt=\"\" data-id=\"873\" data-full-url=\"http:\/\/regisguillot.com\/blog\/wp-content\/uploads\/2023\/01\/muletiers-1.jpg\" data-link=\"http:\/\/regisguillot.com\/blog\/le-livre-trompe-loeil-architecturaux-et-naturalistes-du-puy-de-dome\/muletiers-2\/\" class=\"wp-image-873\" srcset=\"http:\/\/regisguillot.com\/blog\/wp-content\/uploads\/2023\/01\/muletiers-1.jpg 804w, http:\/\/regisguillot.com\/blog\/wp-content\/uploads\/2023\/01\/muletiers-1-300x281.jpg 300w, http:\/\/regisguillot.com\/blog\/wp-content\/uploads\/2023\/01\/muletiers-1-768x720.jpg 768w\" sizes=\"auto, (max-width: 804px) 100vw, 804px\" \/><\/a><\/figure><\/li><li class=\"blocks-gallery-item\"><figure><a href=\"http:\/\/regisguillot.com\/blog\/wp-content\/uploads\/2023\/01\/TOUR-1.jpg\"><img loading=\"lazy\" decoding=\"async\" width=\"1023\" height=\"766\" src=\"http:\/\/regisguillot.com\/blog\/wp-content\/uploads\/2023\/01\/TOUR-1.jpg\" alt=\"\" data-id=\"874\" data-full-url=\"http:\/\/regisguillot.com\/blog\/wp-content\/uploads\/2023\/01\/TOUR-1.jpg\" data-link=\"http:\/\/regisguillot.com\/blog\/le-livre-trompe-loeil-architecturaux-et-naturalistes-du-puy-de-dome\/tour-2\/\" class=\"wp-image-874\" srcset=\"http:\/\/regisguillot.com\/blog\/wp-content\/uploads\/2023\/01\/TOUR-1.jpg 1023w, http:\/\/regisguillot.com\/blog\/wp-content\/uploads\/2023\/01\/TOUR-1-300x225.jpg 300w, http:\/\/regisguillot.com\/blog\/wp-content\/uploads\/2023\/01\/TOUR-1-768x575.jpg 768w\" sizes=\"auto, (max-width: 1023px) 100vw, 1023px\" \/><\/a><\/figure><\/li><li class=\"blocks-gallery-item\"><figure><a href=\"http:\/\/regisguillot.com\/blog\/wp-content\/uploads\/2023\/01\/vache-1.jpg\"><img loading=\"lazy\" decoding=\"async\" width=\"881\" height=\"783\" src=\"http:\/\/regisguillot.com\/blog\/wp-content\/uploads\/2023\/01\/vache-1.jpg\" alt=\"\" data-id=\"875\" data-full-url=\"http:\/\/regisguillot.com\/blog\/wp-content\/uploads\/2023\/01\/vache-1.jpg\" data-link=\"http:\/\/regisguillot.com\/blog\/le-livre-trompe-loeil-architecturaux-et-naturalistes-du-puy-de-dome\/vache-2\/\" class=\"wp-image-875\" srcset=\"http:\/\/regisguillot.com\/blog\/wp-content\/uploads\/2023\/01\/vache-1.jpg 881w, http:\/\/regisguillot.com\/blog\/wp-content\/uploads\/2023\/01\/vache-1-300x267.jpg 300w, http:\/\/regisguillot.com\/blog\/wp-content\/uploads\/2023\/01\/vache-1-768x683.jpg 768w\" sizes=\"auto, (max-width: 881px) 100vw, 881px\" \/><\/a><\/figure><\/li><li class=\"blocks-gallery-item\"><figure><a href=\"http:\/\/regisguillot.com\/blog\/wp-content\/uploads\/2023\/01\/5.jpg\"><img loading=\"lazy\" decoding=\"async\" width=\"1024\" height=\"768\" src=\"http:\/\/regisguillot.com\/blog\/wp-content\/uploads\/2023\/01\/5-1024x768.jpg\" alt=\"\" data-id=\"863\" data-full-url=\"http:\/\/regisguillot.com\/blog\/wp-content\/uploads\/2023\/01\/5.jpg\" data-link=\"http:\/\/regisguillot.com\/blog\/le-livre-trompe-loeil-architecturaux-et-naturalistes-du-puy-de-dome\/5-2\/\" class=\"wp-image-863\" srcset=\"http:\/\/regisguillot.com\/blog\/wp-content\/uploads\/2023\/01\/5-1024x768.jpg 1024w, http:\/\/regisguillot.com\/blog\/wp-content\/uploads\/2023\/01\/5-300x225.jpg 300w, http:\/\/regisguillot.com\/blog\/wp-content\/uploads\/2023\/01\/5-768x576.jpg 768w, http:\/\/regisguillot.com\/blog\/wp-content\/uploads\/2023\/01\/5.jpg 1094w\" sizes=\"auto, (max-width: 1024px) 100vw, 1024px\" \/><\/a><\/figure><\/li><li class=\"blocks-gallery-item\"><figure><a href=\"http:\/\/regisguillot.com\/blog\/wp-content\/uploads\/2023\/01\/6.jpg\"><img loading=\"lazy\" decoding=\"async\" width=\"1024\" height=\"773\" src=\"http:\/\/regisguillot.com\/blog\/wp-content\/uploads\/2023\/01\/6-1024x773.jpg\" alt=\"\" data-id=\"864\" data-full-url=\"http:\/\/regisguillot.com\/blog\/wp-content\/uploads\/2023\/01\/6.jpg\" data-link=\"http:\/\/regisguillot.com\/blog\/le-livre-trompe-loeil-architecturaux-et-naturalistes-du-puy-de-dome\/attachment\/6\/\" class=\"wp-image-864\" srcset=\"http:\/\/regisguillot.com\/blog\/wp-content\/uploads\/2023\/01\/6-1024x773.jpg 1024w, http:\/\/regisguillot.com\/blog\/wp-content\/uploads\/2023\/01\/6-300x227.jpg 300w, http:\/\/regisguillot.com\/blog\/wp-content\/uploads\/2023\/01\/6-768x580.jpg 768w, http:\/\/regisguillot.com\/blog\/wp-content\/uploads\/2023\/01\/6.jpg 1098w\" sizes=\"auto, (max-width: 1024px) 100vw, 1024px\" \/><\/a><\/figure><\/li><li class=\"blocks-gallery-item\"><figure><a href=\"http:\/\/regisguillot.com\/blog\/wp-content\/uploads\/2023\/01\/7.jpg\"><img loading=\"lazy\" decoding=\"async\" width=\"1024\" height=\"776\" src=\"http:\/\/regisguillot.com\/blog\/wp-content\/uploads\/2023\/01\/7-1024x776.jpg\" alt=\"\" data-id=\"865\" data-full-url=\"http:\/\/regisguillot.com\/blog\/wp-content\/uploads\/2023\/01\/7.jpg\" data-link=\"http:\/\/regisguillot.com\/blog\/le-livre-trompe-loeil-architecturaux-et-naturalistes-du-puy-de-dome\/attachment\/7\/\" class=\"wp-image-865\" srcset=\"http:\/\/regisguillot.com\/blog\/wp-content\/uploads\/2023\/01\/7-1024x776.jpg 1024w, http:\/\/regisguillot.com\/blog\/wp-content\/uploads\/2023\/01\/7-300x227.jpg 300w, http:\/\/regisguillot.com\/blog\/wp-content\/uploads\/2023\/01\/7-768x582.jpg 768w, http:\/\/regisguillot.com\/blog\/wp-content\/uploads\/2023\/01\/7.jpg 1094w\" sizes=\"auto, (max-width: 1024px) 100vw, 1024px\" \/><\/a><\/figure><\/li><li class=\"blocks-gallery-item\"><figure><a href=\"http:\/\/regisguillot.com\/blog\/wp-content\/uploads\/2023\/01\/8.jpg\"><img loading=\"lazy\" decoding=\"async\" width=\"1024\" height=\"766\" src=\"http:\/\/regisguillot.com\/blog\/wp-content\/uploads\/2023\/01\/8-1024x766.jpg\" alt=\"\" data-id=\"866\" data-full-url=\"http:\/\/regisguillot.com\/blog\/wp-content\/uploads\/2023\/01\/8.jpg\" data-link=\"http:\/\/regisguillot.com\/blog\/le-livre-trompe-loeil-architecturaux-et-naturalistes-du-puy-de-dome\/8-2\/\" class=\"wp-image-866\" srcset=\"http:\/\/regisguillot.com\/blog\/wp-content\/uploads\/2023\/01\/8-1024x766.jpg 1024w, http:\/\/regisguillot.com\/blog\/wp-content\/uploads\/2023\/01\/8-300x225.jpg 300w, http:\/\/regisguillot.com\/blog\/wp-content\/uploads\/2023\/01\/8-768x575.jpg 768w, http:\/\/regisguillot.com\/blog\/wp-content\/uploads\/2023\/01\/8.jpg 1101w\" sizes=\"auto, (max-width: 1024px) 100vw, 1024px\" \/><\/a><\/figure><\/li><li class=\"blocks-gallery-item\"><figure><a href=\"http:\/\/regisguillot.com\/blog\/wp-content\/uploads\/2023\/01\/9.jpg\"><img loading=\"lazy\" decoding=\"async\" width=\"1095\" height=\"833\" src=\"http:\/\/regisguillot.com\/blog\/wp-content\/uploads\/2023\/01\/9-1024x779.jpg\" alt=\"\" data-id=\"867\" data-full-url=\"http:\/\/regisguillot.com\/blog\/wp-content\/uploads\/2023\/01\/9.jpg\" data-link=\"http:\/\/regisguillot.com\/blog\/le-livre-trompe-loeil-architecturaux-et-naturalistes-du-puy-de-dome\/9-3\/\" class=\"wp-image-867\" srcset=\"http:\/\/regisguillot.com\/blog\/wp-content\/uploads\/2023\/01\/9-1024x779.jpg 1024w, http:\/\/regisguillot.com\/blog\/wp-content\/uploads\/2023\/01\/9-300x228.jpg 300w, http:\/\/regisguillot.com\/blog\/wp-content\/uploads\/2023\/01\/9-768x584.jpg 768w, http:\/\/regisguillot.com\/blog\/wp-content\/uploads\/2023\/01\/9.jpg 1095w\" sizes=\"auto, (max-width: 1095px) 100vw, 1095px\" \/><\/a><\/figure><\/li><li class=\"blocks-gallery-item\"><figure><a href=\"http:\/\/regisguillot.com\/blog\/wp-content\/uploads\/2023\/01\/10.jpg\"><img loading=\"lazy\" decoding=\"async\" width=\"1024\" height=\"774\" src=\"http:\/\/regisguillot.com\/blog\/wp-content\/uploads\/2023\/01\/10-1024x774.jpg\" alt=\"\" data-id=\"868\" data-full-url=\"http:\/\/regisguillot.com\/blog\/wp-content\/uploads\/2023\/01\/10.jpg\" data-link=\"http:\/\/regisguillot.com\/blog\/le-livre-trompe-loeil-architecturaux-et-naturalistes-du-puy-de-dome\/10-2\/\" class=\"wp-image-868\" srcset=\"http:\/\/regisguillot.com\/blog\/wp-content\/uploads\/2023\/01\/10-1024x774.jpg 1024w, http:\/\/regisguillot.com\/blog\/wp-content\/uploads\/2023\/01\/10-300x227.jpg 300w, http:\/\/regisguillot.com\/blog\/wp-content\/uploads\/2023\/01\/10-768x581.jpg 768w, http:\/\/regisguillot.com\/blog\/wp-content\/uploads\/2023\/01\/10.jpg 1095w\" sizes=\"auto, (max-width: 1024px) 100vw, 1024px\" \/><\/a><\/figure><\/li><li class=\"blocks-gallery-item\"><figure><a href=\"http:\/\/regisguillot.com\/blog\/wp-content\/uploads\/2023\/01\/11.jpg\"><img loading=\"lazy\" decoding=\"async\" width=\"1024\" height=\"777\" src=\"http:\/\/regisguillot.com\/blog\/wp-content\/uploads\/2023\/01\/11-1024x777.jpg\" alt=\"\" data-id=\"869\" data-full-url=\"http:\/\/regisguillot.com\/blog\/wp-content\/uploads\/2023\/01\/11.jpg\" data-link=\"http:\/\/regisguillot.com\/blog\/le-livre-trompe-loeil-architecturaux-et-naturalistes-du-puy-de-dome\/attachment\/11\/\" class=\"wp-image-869\" srcset=\"http:\/\/regisguillot.com\/blog\/wp-content\/uploads\/2023\/01\/11-1024x777.jpg 1024w, http:\/\/regisguillot.com\/blog\/wp-content\/uploads\/2023\/01\/11-300x228.jpg 300w, http:\/\/regisguillot.com\/blog\/wp-content\/uploads\/2023\/01\/11-768x583.jpg 768w, http:\/\/regisguillot.com\/blog\/wp-content\/uploads\/2023\/01\/11.jpg 1091w\" sizes=\"auto, (max-width: 1024px) 100vw, 1024px\" \/><\/a><\/figure><\/li><li class=\"blocks-gallery-item\"><figure><a href=\"http:\/\/regisguillot.com\/blog\/wp-content\/uploads\/2023\/01\/12.jpg\"><img loading=\"lazy\" decoding=\"async\" width=\"1024\" height=\"775\" src=\"http:\/\/regisguillot.com\/blog\/wp-content\/uploads\/2023\/01\/12-1024x775.jpg\" alt=\"\" data-id=\"870\" data-full-url=\"http:\/\/regisguillot.com\/blog\/wp-content\/uploads\/2023\/01\/12.jpg\" data-link=\"http:\/\/regisguillot.com\/blog\/le-livre-trompe-loeil-architecturaux-et-naturalistes-du-puy-de-dome\/12-2\/\" class=\"wp-image-870\" srcset=\"http:\/\/regisguillot.com\/blog\/wp-content\/uploads\/2023\/01\/12-1024x775.jpg 1024w, http:\/\/regisguillot.com\/blog\/wp-content\/uploads\/2023\/01\/12-300x227.jpg 300w, http:\/\/regisguillot.com\/blog\/wp-content\/uploads\/2023\/01\/12-768x582.jpg 768w, http:\/\/regisguillot.com\/blog\/wp-content\/uploads\/2023\/01\/12.jpg 1096w\" sizes=\"auto, (max-width: 1024px) 100vw, 1024px\" \/><\/a><\/figure><\/li><li class=\"blocks-gallery-item\"><figure><a href=\"http:\/\/regisguillot.com\/blog\/wp-content\/uploads\/2023\/01\/13.jpg\"><img loading=\"lazy\" decoding=\"async\" width=\"1024\" height=\"780\" src=\"http:\/\/regisguillot.com\/blog\/wp-content\/uploads\/2023\/01\/13-1024x780.jpg\" alt=\"\" data-id=\"871\" data-full-url=\"http:\/\/regisguillot.com\/blog\/wp-content\/uploads\/2023\/01\/13.jpg\" data-link=\"http:\/\/regisguillot.com\/blog\/le-livre-trompe-loeil-architecturaux-et-naturalistes-du-puy-de-dome\/attachment\/13\/\" class=\"wp-image-871\" srcset=\"http:\/\/regisguillot.com\/blog\/wp-content\/uploads\/2023\/01\/13-1024x780.jpg 1024w, http:\/\/regisguillot.com\/blog\/wp-content\/uploads\/2023\/01\/13-300x229.jpg 300w, http:\/\/regisguillot.com\/blog\/wp-content\/uploads\/2023\/01\/13-768x585.jpg 768w, http:\/\/regisguillot.com\/blog\/wp-content\/uploads\/2023\/01\/13.jpg 1093w\" sizes=\"auto, (max-width: 1024px) 100vw, 1024px\" \/><\/a><\/figure><\/li><\/ul><\/figure>","protected":false},"excerpt":{"rendered":"<p>Trompe l&rsquo;oeil architecturaux et naturalistes du Puy de D\u00f4me ( \u00e9ditions La Flandonni\u00e8re) \u00a0\u00bb Superbe livre \u00e9crit et dessin\u00e9 par R\u00e9gis Guillot , reliure de qualit\u00e9, qualit\u00e9 d&rsquo;\u00e9criture, des dessins magnifiques, originales ,une belle id\u00e9e cadeau ! ou se faire plaisir pour appr\u00e9cier encore plus l&rsquo;Auvergne le Puy de D\u00f4me.<\/p>\n","protected":false},"author":2,"featured_media":0,"parent":0,"menu_order":0,"comment_status":"closed","ping_status":"closed","template":"","meta":{"footnotes":""},"class_list":["post-796","page","type-page","status-publish","hentry"],"jetpack_sharing_enabled":true,"_links":{"self":[{"href":"http:\/\/regisguillot.com\/blog\/wp-json\/wp\/v2\/pages\/796","targetHints":{"allow":["GET"]}}],"collection":[{"href":"http:\/\/regisguillot.com\/blog\/wp-json\/wp\/v2\/pages"}],"about":[{"href":"http:\/\/regisguillot.com\/blog\/wp-json\/wp\/v2\/types\/page"}],"author":[{"embeddable":true,"href":"http:\/\/regisguillot.com\/blog\/wp-json\/wp\/v2\/users\/2"}],"replies":[{"embeddable":true,"href":"http:\/\/regisguillot.com\/blog\/wp-json\/wp\/v2\/comments?post=796"}],"version-history":[{"count":15,"href":"http:\/\/regisguillot.com\/blog\/wp-json\/wp\/v2\/pages\/796\/revisions"}],"predecessor-version":[{"id":1446,"href":"http:\/\/regisguillot.com\/blog\/wp-json\/wp\/v2\/pages\/796\/revisions\/1446"}],"wp:attachment":[{"href":"http:\/\/regisguillot.com\/blog\/wp-json\/wp\/v2\/media?parent=796"}],"curies":[{"name":"wp","href":"https:\/\/api.w.org\/{rel}","templated":true}]}}