{"id":2302,"date":"2026-05-04T10:17:34","date_gmt":"2026-05-04T08:17:34","guid":{"rendered":"http:\/\/regisguillot.com\/blog\/?post_type=product&#038;p=2302"},"modified":"2026-05-04T10:17:50","modified_gmt":"2026-05-04T08:17:50","slug":"soiree-dete","status":"publish","type":"product","link":"http:\/\/regisguillot.com\/blog\/produit\/soiree-dete\/","title":{"rendered":"Soir\u00e9e d&rsquo;\u00e9t\u00e9"},"content":{"rendered":"<p><a href=\"http:\/\/regisguillot.com\/blog\/wp-content\/uploads\/2026\/05\/20260412_1541551.jpg\"><img loading=\"lazy\" decoding=\"async\" class=\"alignnone size-medium wp-image-2303\" src=\"http:\/\/regisguillot.com\/blog\/wp-content\/uploads\/2026\/05\/20260412_1541551-247x300.jpg\" alt=\"\" width=\"247\" height=\"300\" srcset=\"http:\/\/regisguillot.com\/blog\/wp-content\/uploads\/2026\/05\/20260412_1541551-247x300.jpg 247w, http:\/\/regisguillot.com\/blog\/wp-content\/uploads\/2026\/05\/20260412_1541551-768x932.jpg 768w, http:\/\/regisguillot.com\/blog\/wp-content\/uploads\/2026\/05\/20260412_1541551-600x728.jpg 600w, http:\/\/regisguillot.com\/blog\/wp-content\/uploads\/2026\/05\/20260412_1541551.jpg 781w\" sizes=\"auto, (max-width: 247px) 100vw, 247px\" \/><\/a><\/p>\n","protected":false},"excerpt":{"rendered":"<p>Aquarelle et gouache format 50 x 70 cm<\/p>\n","protected":false},"featured_media":2304,"template":"","meta":[],"product_brand":[],"product_cat":[35],"product_tag":[],"class_list":{"0":"post-2302","1":"product","2":"type-product","3":"status-publish","4":"has-post-thumbnail","6":"product_cat-aquarelle","8":"first","9":"instock","10":"featured","11":"shipping-taxable","12":"purchasable","13":"product-type-simple"},"jetpack_sharing_enabled":true,"_links":{"self":[{"href":"http:\/\/regisguillot.com\/blog\/wp-json\/wp\/v2\/product\/2302","targetHints":{"allow":["GET"]}}],"collection":[{"href":"http:\/\/regisguillot.com\/blog\/wp-json\/wp\/v2\/product"}],"about":[{"href":"http:\/\/regisguillot.com\/blog\/wp-json\/wp\/v2\/types\/product"}],"wp:featuredmedia":[{"embeddable":true,"href":"http:\/\/regisguillot.com\/blog\/wp-json\/wp\/v2\/media\/2304"}],"wp:attachment":[{"href":"http:\/\/regisguillot.com\/blog\/wp-json\/wp\/v2\/media?parent=2302"}],"wp:term":[{"taxonomy":"product_brand","embeddable":true,"href":"http:\/\/regisguillot.com\/blog\/wp-json\/wp\/v2\/product_brand?post=2302"},{"taxonomy":"product_cat","embeddable":true,"href":"http:\/\/regisguillot.com\/blog\/wp-json\/wp\/v2\/product_cat?post=2302"},{"taxonomy":"product_tag","embeddable":true,"href":"http:\/\/regisguillot.com\/blog\/wp-json\/wp\/v2\/product_tag?post=2302"}],"curies":[{"name":"wp","href":"https:\/\/api.w.org\/{rel}","templated":true}]}}