{"id":280,"date":"2021-04-25T12:16:37","date_gmt":"2021-04-25T10:16:37","guid":{"rendered":"http:\/\/regisguillot.com\/blog\/?post_type=product&#038;p=280"},"modified":"2021-05-03T09:26:03","modified_gmt":"2021-05-03T07:26:03","slug":"koala-perche","status":"publish","type":"product","link":"http:\/\/regisguillot.com\/blog\/produit\/koala-perche\/","title":{"rendered":"koala perch\u00e9"},"content":{"rendered":"<p><a href=\"http:\/\/regisguillot.com\/blog\/wp-content\/uploads\/2021\/04\/vercingetorix-scaled.jpg\"><img loading=\"lazy\" decoding=\"async\" class=\"alignnone size-large wp-image-305\" src=\"http:\/\/regisguillot.com\/blog\/wp-content\/uploads\/2021\/04\/vercingetorix-775x1024.jpg\" alt=\"\" width=\"730\" height=\"965\" srcset=\"http:\/\/regisguillot.com\/blog\/wp-content\/uploads\/2021\/04\/vercingetorix-775x1024.jpg 775w, http:\/\/regisguillot.com\/blog\/wp-content\/uploads\/2021\/04\/vercingetorix-227x300.jpg 227w, http:\/\/regisguillot.com\/blog\/wp-content\/uploads\/2021\/04\/vercingetorix-768x1014.jpg 768w, http:\/\/regisguillot.com\/blog\/wp-content\/uploads\/2021\/04\/vercingetorix-1163x1536.jpg 1163w, http:\/\/regisguillot.com\/blog\/wp-content\/uploads\/2021\/04\/vercingetorix-1551x2048.jpg 1551w, http:\/\/regisguillot.com\/blog\/wp-content\/uploads\/2021\/04\/vercingetorix-600x792.jpg 600w, http:\/\/regisguillot.com\/blog\/wp-content\/uploads\/2021\/04\/vercingetorix-scaled.jpg 1939w\" sizes=\"auto, (max-width: 730px) 100vw, 730px\" \/><\/a><\/p>\n","protected":false},"excerpt":{"rendered":"<p>Koala perrch\u00e9 sur la statue de Vercing\u00e9torix , place de Jaude \u00e0 Clermont-Ferrand.<\/p>\n<p>Format 30&#215;40 cm, avec passepartout et cadre sous verre 40 x 50 cm<\/p>\n","protected":false},"featured_media":305,"template":"","meta":[],"product_brand":[],"product_cat":[20],"product_tag":[],"class_list":{"0":"post-280","1":"product","2":"type-product","3":"status-publish","4":"has-post-thumbnail","6":"product_cat-aquarelle-30x40-cm-encadre","8":"first","9":"instock","10":"sold-individually","11":"shipping-taxable","12":"purchasable","13":"product-type-simple"},"jetpack_sharing_enabled":true,"_links":{"self":[{"href":"http:\/\/regisguillot.com\/blog\/wp-json\/wp\/v2\/product\/280","targetHints":{"allow":["GET"]}}],"collection":[{"href":"http:\/\/regisguillot.com\/blog\/wp-json\/wp\/v2\/product"}],"about":[{"href":"http:\/\/regisguillot.com\/blog\/wp-json\/wp\/v2\/types\/product"}],"wp:featuredmedia":[{"embeddable":true,"href":"http:\/\/regisguillot.com\/blog\/wp-json\/wp\/v2\/media\/305"}],"wp:attachment":[{"href":"http:\/\/regisguillot.com\/blog\/wp-json\/wp\/v2\/media?parent=280"}],"wp:term":[{"taxonomy":"product_brand","embeddable":true,"href":"http:\/\/regisguillot.com\/blog\/wp-json\/wp\/v2\/product_brand?post=280"},{"taxonomy":"product_cat","embeddable":true,"href":"http:\/\/regisguillot.com\/blog\/wp-json\/wp\/v2\/product_cat?post=280"},{"taxonomy":"product_tag","embeddable":true,"href":"http:\/\/regisguillot.com\/blog\/wp-json\/wp\/v2\/product_tag?post=280"}],"curies":[{"name":"wp","href":"https:\/\/api.w.org\/{rel}","templated":true}]}}