{"id":301,"date":"2021-04-25T19:03:05","date_gmt":"2021-04-25T17:03:05","guid":{"rendered":"http:\/\/regisguillot.com\/blog\/?post_type=product&#038;p=301"},"modified":"2021-05-03T09:26:02","modified_gmt":"2021-05-03T07:26:02","slug":"laigle-pecheur-des-minimes","status":"publish","type":"product","link":"http:\/\/regisguillot.com\/blog\/produit\/laigle-pecheur-des-minimes\/","title":{"rendered":"L&rsquo;aigle p\u00e9cheur des Minimes"},"content":{"rendered":"<p><a href=\"http:\/\/regisguillot.com\/blog\/wp-content\/uploads\/2021\/04\/minimes-scaled.jpg\"><img loading=\"lazy\" decoding=\"async\" class=\"alignnone size-large wp-image-302\" src=\"http:\/\/regisguillot.com\/blog\/wp-content\/uploads\/2021\/04\/minimes-811x1024.jpg\" alt=\"\" width=\"730\" height=\"922\" srcset=\"http:\/\/regisguillot.com\/blog\/wp-content\/uploads\/2021\/04\/minimes-811x1024.jpg 811w, http:\/\/regisguillot.com\/blog\/wp-content\/uploads\/2021\/04\/minimes-238x300.jpg 238w, http:\/\/regisguillot.com\/blog\/wp-content\/uploads\/2021\/04\/minimes-768x969.jpg 768w, http:\/\/regisguillot.com\/blog\/wp-content\/uploads\/2021\/04\/minimes-1217x1536.jpg 1217w, http:\/\/regisguillot.com\/blog\/wp-content\/uploads\/2021\/04\/minimes-1623x2048.jpg 1623w, http:\/\/regisguillot.com\/blog\/wp-content\/uploads\/2021\/04\/minimes-600x757.jpg 600w, http:\/\/regisguillot.com\/blog\/wp-content\/uploads\/2021\/04\/minimes-scaled.jpg 2028w\" sizes=\"auto, (max-width: 730px) 100vw, 730px\" \/><\/a><\/p>\n","protected":false},"excerpt":{"rendered":"<p>L&rsquo;aigle p\u00eacheur des Minimes s&rsquo;appr\u00eate \u00e0 chasser les dr\u00f4nes<\/p>\n<p>Aquarelle Format 30 x 40 cm , avec paasepartout, cadre sous verre de format 4 0x 50 cm<\/p>\n","protected":false},"featured_media":302,"template":"","meta":[],"product_brand":[],"product_cat":[20],"product_tag":[],"class_list":{"0":"post-301","1":"product","2":"type-product","3":"status-publish","4":"has-post-thumbnail","6":"product_cat-aquarelle-30x40-cm-encadre","8":"first","9":"instock","10":"sold-individually","11":"shipping-taxable","12":"purchasable","13":"product-type-simple"},"jetpack_sharing_enabled":true,"_links":{"self":[{"href":"http:\/\/regisguillot.com\/blog\/wp-json\/wp\/v2\/product\/301","targetHints":{"allow":["GET"]}}],"collection":[{"href":"http:\/\/regisguillot.com\/blog\/wp-json\/wp\/v2\/product"}],"about":[{"href":"http:\/\/regisguillot.com\/blog\/wp-json\/wp\/v2\/types\/product"}],"wp:featuredmedia":[{"embeddable":true,"href":"http:\/\/regisguillot.com\/blog\/wp-json\/wp\/v2\/media\/302"}],"wp:attachment":[{"href":"http:\/\/regisguillot.com\/blog\/wp-json\/wp\/v2\/media?parent=301"}],"wp:term":[{"taxonomy":"product_brand","embeddable":true,"href":"http:\/\/regisguillot.com\/blog\/wp-json\/wp\/v2\/product_brand?post=301"},{"taxonomy":"product_cat","embeddable":true,"href":"http:\/\/regisguillot.com\/blog\/wp-json\/wp\/v2\/product_cat?post=301"},{"taxonomy":"product_tag","embeddable":true,"href":"http:\/\/regisguillot.com\/blog\/wp-json\/wp\/v2\/product_tag?post=301"}],"curies":[{"name":"wp","href":"https:\/\/api.w.org\/{rel}","templated":true}]}}