{"id":2084,"date":"2026-01-11T11:09:00","date_gmt":"2026-01-11T10:09:00","guid":{"rendered":"https:\/\/regisguillot.com\/blog\/?page_id=2084"},"modified":"2026-01-24T15:43:49","modified_gmt":"2026-01-24T14:43:49","slug":"atelier-recreatifs-regis-guillot","status":"publish","type":"page","link":"https:\/\/regisguillot.com\/blog\/atelier-recreatifs-regis-guillot\/","title":{"rendered":"Atelier (r\u00e9)cr\u00e9atifs avec un carnet 100% recycl\u00e9 !"},"content":{"rendered":"<div class=\"wp-block-group alignfull has-accent-background-color has-background has-global-padding is-layout-constrained wp-container-core-group-is-layout-669513ed wp-block-group-is-layout-constrained\" style=\"margin-top:0;margin-bottom:0;padding-top:var(--wp--preset--spacing--50);padding-right:var(--wp--preset--spacing--50);padding-bottom:var(--wp--preset--spacing--50);padding-left:var(--wp--preset--spacing--50)\"><div class=\"wp-block-columns alignwide is-layout-flex wp-container-core-columns-is-layout-1da03c2a wp-block-columns-is-layout-flex\"><div class=\"wp-block-column is-vertically-aligned-stretch is-layout-flow wp-block-column-is-layout-flow\" style=\"flex-basis:50%\"><div class=\"wp-block-group is-vertical is-content-justification-stretch is-layout-flex wp-container-core-group-is-layout-444d5ee8 wp-block-group-is-layout-flex\" style=\"min-height:100%\"><p class=\"has-heading-font-family has-x-large-font-size\" style=\"line-height:1.2\">J&rsquo;anime r\u00e9guli\u00e8rement des ateliers de dessin, peinture pour les enfants, les parents, et les adultes. Le th\u00e8me est sur le Puy de D\u00f4me et les animaux fantastiques !<br>La technique est r\u00e9alis\u00e9e avec des feutres, brou de noix, pastels.<br>Ce concept permet de cr\u00e9er sur un support recycl\u00e9 les dessins tout en se plongeant dans une aventure imaginaire !<\/p>\n\n<div class=\"wp-block-group has-global-padding is-content-justification-left is-layout-constrained wp-container-core-group-is-layout-9fe8ed88 wp-block-group-is-layout-constrained\"><p class=\"wp-container-content-0733e5d0\">Renseignements et tarifs <\/p>\n\n<div class=\"wp-block-buttons is-layout-flex wp-block-buttons-is-layout-flex\"><div class=\"wp-block-button\"><a class=\"wp-block-button__link wp-element-button\" href=\"https:\/\/regisguillot.com\/blog\/mesmerize\/\">contactez moi<\/a><\/div><\/div><\/div><\/div><\/div>\n\n<div class=\"wp-block-column is-vertically-aligned-center is-layout-flow wp-block-column-is-layout-flow\" style=\"flex-basis:50%\"><figure class=\"wp-block-image size-large is-style-rounded is-style-rounded--1\"><img loading=\"lazy\" decoding=\"async\" width=\"1024\" height=\"914\" src=\"http:\/\/regisguillot.com\/blog\/wp-content\/uploads\/2026\/01\/551543263_10237600772349722_2660047386016731504_n-1024x914.jpg\" alt=\"\" class=\"wp-image-2090\" style=\"aspect-ratio:3\/4;object-fit:cover\" srcset=\"https:\/\/regisguillot.com\/blog\/wp-content\/uploads\/2026\/01\/551543263_10237600772349722_2660047386016731504_n-1024x914.jpg 1024w, https:\/\/regisguillot.com\/blog\/wp-content\/uploads\/2026\/01\/551543263_10237600772349722_2660047386016731504_n-300x268.jpg 300w, https:\/\/regisguillot.com\/blog\/wp-content\/uploads\/2026\/01\/551543263_10237600772349722_2660047386016731504_n-768x686.jpg 768w, https:\/\/regisguillot.com\/blog\/wp-content\/uploads\/2026\/01\/551543263_10237600772349722_2660047386016731504_n-600x536.jpg 600w, https:\/\/regisguillot.com\/blog\/wp-content\/uploads\/2026\/01\/551543263_10237600772349722_2660047386016731504_n.jpg 1063w\" sizes=\"auto, (max-width: 1024px) 100vw, 1024px\" \/><\/figure><\/div><\/div><\/div><div class=\"wp-block-group alignfull has-global-padding is-layout-constrained wp-container-core-group-is-layout-669513ed wp-block-group-is-layout-constrained\" style=\"margin-top:0;margin-bottom:0;padding-top:var(--wp--preset--spacing--50);padding-right:var(--wp--preset--spacing--50);padding-bottom:var(--wp--preset--spacing--50);padding-left:var(--wp--preset--spacing--50)\"><div style=\"height:var(--wp--preset--spacing--30)\" aria-hidden=\"true\" class=\"wp-block-spacer\"><\/div>\n\n<div class=\"wp-block-columns alignwide is-layout-flex wp-container-core-columns-is-layout-4935966c wp-block-columns-is-layout-flex\" style=\"padding-right:0;padding-left:0\"><div class=\"wp-block-column is-layout-flow wp-block-column-is-layout-flow\"><figure class=\"wp-block-image size-full is-style-rounded is-style-rounded--2\"><img loading=\"lazy\" decoding=\"async\" width=\"2048\" height=\"1670\" src=\"http:\/\/regisguillot.com\/blog\/wp-content\/uploads\/2026\/01\/550555862_10237600778629879_1603434784731310514_n-1.jpg\" alt=\"\" class=\"wp-image-2092\" style=\"aspect-ratio:1;object-fit:cover\" srcset=\"https:\/\/regisguillot.com\/blog\/wp-content\/uploads\/2026\/01\/550555862_10237600778629879_1603434784731310514_n-1.jpg 2048w, https:\/\/regisguillot.com\/blog\/wp-content\/uploads\/2026\/01\/550555862_10237600778629879_1603434784731310514_n-1-300x245.jpg 300w, https:\/\/regisguillot.com\/blog\/wp-content\/uploads\/2026\/01\/550555862_10237600778629879_1603434784731310514_n-1-1024x835.jpg 1024w, https:\/\/regisguillot.com\/blog\/wp-content\/uploads\/2026\/01\/550555862_10237600778629879_1603434784731310514_n-1-768x626.jpg 768w, https:\/\/regisguillot.com\/blog\/wp-content\/uploads\/2026\/01\/550555862_10237600778629879_1603434784731310514_n-1-1536x1253.jpg 1536w, https:\/\/regisguillot.com\/blog\/wp-content\/uploads\/2026\/01\/550555862_10237600778629879_1603434784731310514_n-1-600x489.jpg 600w\" sizes=\"auto, (max-width: 2048px) 100vw, 2048px\" \/><\/figure><\/div>\n\n<div class=\"wp-block-column is-layout-flow wp-block-column-is-layout-flow\"><figure class=\"wp-block-image size-full is-style-rounded is-style-rounded--3\"><img loading=\"lazy\" decoding=\"async\" width=\"2134\" height=\"1066\" src=\"http:\/\/regisguillot.com\/blog\/wp-content\/uploads\/2026\/01\/553957431_10237600782949987_9183630874865591532_n.jpg\" alt=\"\" class=\"wp-image-2093\" style=\"aspect-ratio:1;object-fit:cover\" srcset=\"https:\/\/regisguillot.com\/blog\/wp-content\/uploads\/2026\/01\/553957431_10237600782949987_9183630874865591532_n.jpg 2134w, https:\/\/regisguillot.com\/blog\/wp-content\/uploads\/2026\/01\/553957431_10237600782949987_9183630874865591532_n-300x150.jpg 300w, https:\/\/regisguillot.com\/blog\/wp-content\/uploads\/2026\/01\/553957431_10237600782949987_9183630874865591532_n-1024x512.jpg 1024w, https:\/\/regisguillot.com\/blog\/wp-content\/uploads\/2026\/01\/553957431_10237600782949987_9183630874865591532_n-768x384.jpg 768w, https:\/\/regisguillot.com\/blog\/wp-content\/uploads\/2026\/01\/553957431_10237600782949987_9183630874865591532_n-1536x767.jpg 1536w, https:\/\/regisguillot.com\/blog\/wp-content\/uploads\/2026\/01\/553957431_10237600782949987_9183630874865591532_n-2048x1023.jpg 2048w, https:\/\/regisguillot.com\/blog\/wp-content\/uploads\/2026\/01\/553957431_10237600782949987_9183630874865591532_n-600x300.jpg 600w\" sizes=\"auto, (max-width: 2134px) 100vw, 2134px\" \/><\/figure><\/div>\n\n<div class=\"wp-block-column is-layout-flow wp-block-column-is-layout-flow\"><figure class=\"wp-block-image size-full is-style-rounded is-style-rounded--4\"><img loading=\"lazy\" decoding=\"async\" width=\"1063\" height=\"949\" src=\"http:\/\/regisguillot.com\/blog\/wp-content\/uploads\/2026\/01\/551543263_10237600772349722_2660047386016731504_n.jpg\" alt=\"\" class=\"wp-image-2090\" style=\"aspect-ratio:1;object-fit:cover\" srcset=\"https:\/\/regisguillot.com\/blog\/wp-content\/uploads\/2026\/01\/551543263_10237600772349722_2660047386016731504_n.jpg 1063w, https:\/\/regisguillot.com\/blog\/wp-content\/uploads\/2026\/01\/551543263_10237600772349722_2660047386016731504_n-300x268.jpg 300w, https:\/\/regisguillot.com\/blog\/wp-content\/uploads\/2026\/01\/551543263_10237600772349722_2660047386016731504_n-1024x914.jpg 1024w, https:\/\/regisguillot.com\/blog\/wp-content\/uploads\/2026\/01\/551543263_10237600772349722_2660047386016731504_n-768x686.jpg 768w, https:\/\/regisguillot.com\/blog\/wp-content\/uploads\/2026\/01\/551543263_10237600772349722_2660047386016731504_n-600x536.jpg 600w\" sizes=\"auto, (max-width: 1063px) 100vw, 1063px\" \/><\/figure><\/div><\/div><\/div><p><\/p>","protected":false},"excerpt":{"rendered":"<p>J&rsquo;anime r\u00e9guli\u00e8rement des ateliers de dessin, peinture pour les enfants, les parents, et les adultes. Le th\u00e8me est sur le Puy de D\u00f4me et les animaux fantastiques !La technique est r\u00e9alis\u00e9e avec des feutres, brou de noix, pastels.Ce concept permet de cr\u00e9er sur un support recycl\u00e9 les dessins tout en se plongeant dans une aventure [&hellip;]<\/p>\n","protected":false},"author":2,"featured_media":0,"parent":0,"menu_order":0,"comment_status":"closed","ping_status":"closed","template":"","meta":{"footnotes":""},"class_list":["post-2084","page","type-page","status-publish","hentry"],"jetpack_sharing_enabled":true,"_links":{"self":[{"href":"https:\/\/regisguillot.com\/blog\/wp-json\/wp\/v2\/pages\/2084","targetHints":{"allow":["GET"]}}],"collection":[{"href":"https:\/\/regisguillot.com\/blog\/wp-json\/wp\/v2\/pages"}],"about":[{"href":"https:\/\/regisguillot.com\/blog\/wp-json\/wp\/v2\/types\/page"}],"author":[{"embeddable":true,"href":"https:\/\/regisguillot.com\/blog\/wp-json\/wp\/v2\/users\/2"}],"replies":[{"embeddable":true,"href":"https:\/\/regisguillot.com\/blog\/wp-json\/wp\/v2\/comments?post=2084"}],"version-history":[{"count":12,"href":"https:\/\/regisguillot.com\/blog\/wp-json\/wp\/v2\/pages\/2084\/revisions"}],"predecessor-version":[{"id":2163,"href":"https:\/\/regisguillot.com\/blog\/wp-json\/wp\/v2\/pages\/2084\/revisions\/2163"}],"wp:attachment":[{"href":"https:\/\/regisguillot.com\/blog\/wp-json\/wp\/v2\/media?parent=2084"}],"curies":[{"name":"wp","href":"https:\/\/api.w.org\/{rel}","templated":true}]}}